{"id":18,"date":"2023-10-18T12:23:19","date_gmt":"2023-10-18T12:23:19","guid":{"rendered":"https:\/\/elgreekdelpuerto.im-nomade.com\/?page_id=18"},"modified":"2025-11-14T05:40:39","modified_gmt":"2025-11-14T05:40:39","slug":"food","status":"publish","type":"page","link":"https:\/\/elgreekdelpuerto.com\/es\/food\/","title":{"rendered":"Comidas"},"content":{"rendered":"<div data-elementor-type=\"wp-page\" data-elementor-id=\"18\" class=\"elementor elementor-18\" data-elementor-post-type=\"page\">\n\t\t\t\t<div class=\"elementor-element elementor-element-be65d1a e-flex e-con-boxed e-con e-parent\" data-id=\"be65d1a\" data-element_type=\"container\" data-settings=\"{&quot;background_background&quot;:&quot;classic&quot;}\">\n\t\t\t\t\t<div class=\"e-con-inner\">\n\t\t\t\t\t<\/div>\n\t\t\t\t<\/div>\n\t\t<div class=\"elementor-element elementor-element-ffd1b85 e-flex e-con-boxed e-con e-parent\" data-id=\"ffd1b85\" data-element_type=\"container\">\n\t\t\t\t\t<div class=\"e-con-inner\">\n\t\t\t\t<div class=\"elementor-element elementor-element-8d98c64 elementor-widget elementor-widget-heading\" data-id=\"8d98c64\" data-element_type=\"widget\" data-widget_type=\"heading.default\">\n\t\t\t\t<div class=\"elementor-widget-container\">\n\t\t\t\t\t<h1 class=\"elementor-heading-title elementor-size-default\">La comida griega es... incre\u00edble.<\/h1>\t\t\t\t<\/div>\n\t\t\t\t<\/div>\n\t\t\t\t\t<\/div>\n\t\t\t\t<\/div>\n\t\t<div class=\"elementor-element elementor-element-11f9d28 e-flex e-con-boxed e-con e-parent\" data-id=\"11f9d28\" data-element_type=\"container\">\n\t\t\t\t\t<div class=\"e-con-inner\">\n\t\t<div class=\"elementor-element elementor-element-11e5504 e-con-full e-flex e-con e-child\" data-id=\"11e5504\" data-element_type=\"container\">\n\t\t\t\t<div class=\"elementor-element elementor-element-1af04fa elementor-widget elementor-widget-heading\" data-id=\"1af04fa\" data-element_type=\"widget\" data-widget_type=\"heading.default\">\n\t\t\t\t<div class=\"elementor-widget-container\">\n\t\t\t\t\t<h2 class=\"elementor-heading-title elementor-size-default\">Descubre los Sabores de Grecia en El Greek del Puerto<\/h2>\t\t\t\t<\/div>\n\t\t\t\t<\/div>\n\t\t\t\t<div class=\"elementor-element elementor-element-0c803e6 elementor-widget elementor-widget-text-editor\" data-id=\"0c803e6\" data-element_type=\"widget\" data-widget_type=\"text-editor.default\">\n\t\t\t\t<div class=\"elementor-widget-container\">\n\t\t\t\t\t\t\t\t\t<p>Grecia es famosa por sus ricas tradiciones culinarias que han cautivado el paladar durante siglos. En El Greek del Puerto nos apasiona compartir contigo los aut\u00e9nticos y diversos sabores de la cocina griega. Desde la simplicidad ic\u00f3nica de los platos ba\u00f1ados en aceite de oliva hasta los vibrantes y sabrosos mezes, nuestro men\u00fa refleja la esencia de Grecia.<\/p><p>Lo invitamos a embarcarse en un viaje culinario que abarca una amplia gama de opciones, que incluyen souvlaki, queso feta con miel, hojas de parra rellenas, saganaki, ensalada griega del pueblo, suculentas chuletas de cordero, pulpo tierno, camarones frescos y una variedad de pescado fresco. . Cada plato se prepara con cuidado y compromiso con la calidad, como si estuviera cenando en una acogedora taberna griega. Tambi\u00e9n hemos seleccionado una extensa carta de vinos para complementar perfectamente su comida.<\/p><p>Ya sea que est\u00e9 explorando los cl\u00e1sicos tradicionales o buscando algo nuevo, estamos aqu\u00ed para llevar los sabores aut\u00e9nticos de Grecia a su mesa. Bienvenidos a El Greek del Puerto, donde cada bocado es una muestra de Grecia.<\/p>\t\t\t\t\t\t\t\t<\/div>\n\t\t\t\t<\/div>\n\t\t\t\t<\/div>\n\t\t<div class=\"elementor-element elementor-element-3319846 e-con-full e-flex e-con e-child\" data-id=\"3319846\" data-element_type=\"container\">\n\t\t\t\t<div class=\"elementor-element elementor-element-620bac1 elementor-widget elementor-widget-gallery\" data-id=\"620bac1\" data-element_type=\"widget\" data-settings=\"{&quot;gallery_layout&quot;:&quot;masonry&quot;,&quot;columns&quot;:3,&quot;lazyload&quot;:&quot;yes&quot;,&quot;columns_tablet&quot;:2,&quot;columns_mobile&quot;:1,&quot;gap&quot;:{&quot;unit&quot;:&quot;px&quot;,&quot;size&quot;:10,&quot;sizes&quot;:[]},&quot;gap_tablet&quot;:{&quot;unit&quot;:&quot;px&quot;,&quot;size&quot;:10,&quot;sizes&quot;:[]},&quot;gap_mobile&quot;:{&quot;unit&quot;:&quot;px&quot;,&quot;size&quot;:10,&quot;sizes&quot;:[]},&quot;link_to&quot;:&quot;file&quot;,&quot;overlay_background&quot;:&quot;yes&quot;,&quot;content_hover_animation&quot;:&quot;fade-in&quot;}\" data-widget_type=\"gallery.default\">\n\t\t\t\t<div class=\"elementor-widget-container\">\n\t\t\t\t\t\t\t<div class=\"elementor-gallery__container\">\n\t\t\t\t\t\t\t<a class=\"e-gallery-item elementor-gallery-item elementor-animated-content\" href=\"https:\/\/elgreekdelpuerto.com\/wp-content\/uploads\/2023\/11\/WhatsApp-Image-2023-11-06-a-12.10.55_8d55f764.jpg\" data-elementor-open-lightbox=\"yes\" data-elementor-lightbox-slideshow=\"620bac1\" data-elementor-lightbox-title=\"WhatsApp Image 2023-11-06 \u00e0 12.10.55_8d55f764\" data-e-action-hash=\"#elementor-action%3Aaction%3Dlightbox%26settings%3DeyJpZCI6ODcyLCJ1cmwiOiJodHRwczpcL1wvZWxncmVla2RlbHB1ZXJ0by5jb21cL3dwLWNvbnRlbnRcL3VwbG9hZHNcLzIwMjNcLzExXC9XaGF0c0FwcC1JbWFnZS0yMDIzLTExLTA2LWEtMTIuMTAuNTVfOGQ1NWY3NjQuanBnIiwic2xpZGVzaG93IjoiNjIwYmFjMSJ9\">\n\t\t\t\t\t<div class=\"e-gallery-image elementor-gallery-item__image\" data-thumbnail=\"https:\/\/elgreekdelpuerto.com\/wp-content\/uploads\/2023\/11\/WhatsApp-Image-2023-11-06-a-12.10.55_8d55f764.jpg\" data-width=\"960\" data-height=\"1440\" aria-label=\"\" role=\"img\" ><\/div>\n\t\t\t\t\t\t\t\t\t\t\t<div class=\"elementor-gallery-item__overlay\"><\/div>\n\t\t\t\t\t\t\t\t\t\t\t\t\t\t<\/a>\n\t\t\t\t\t\t\t<a class=\"e-gallery-item elementor-gallery-item elementor-animated-content\" href=\"https:\/\/elgreekdelpuerto.com\/wp-content\/uploads\/2023\/11\/WhatsApp-Image-2023-11-06-a-11.48.08_f53f2be5.jpg\" data-elementor-open-lightbox=\"yes\" data-elementor-lightbox-slideshow=\"620bac1\" data-elementor-lightbox-title=\"WhatsApp Image 2023-11-06 \u00e0 11.48.08_f53f2be5\" data-e-action-hash=\"#elementor-action%3Aaction%3Dlightbox%26settings%3DeyJpZCI6ODY2LCJ1cmwiOiJodHRwczpcL1wvZWxncmVla2RlbHB1ZXJ0by5jb21cL3dwLWNvbnRlbnRcL3VwbG9hZHNcLzIwMjNcLzExXC9XaGF0c0FwcC1JbWFnZS0yMDIzLTExLTA2LWEtMTEuNDguMDhfZjUzZjJiZTUuanBnIiwic2xpZGVzaG93IjoiNjIwYmFjMSJ9\">\n\t\t\t\t\t<div class=\"e-gallery-image elementor-gallery-item__image\" data-thumbnail=\"https:\/\/elgreekdelpuerto.com\/wp-content\/uploads\/2023\/11\/WhatsApp-Image-2023-11-06-a-11.48.08_f53f2be5.jpg\" data-width=\"1024\" data-height=\"682\" aria-label=\"\" role=\"img\" ><\/div>\n\t\t\t\t\t\t\t\t\t\t\t<div class=\"elementor-gallery-item__overlay\"><\/div>\n\t\t\t\t\t\t\t\t\t\t\t\t\t\t<\/a>\n\t\t\t\t\t\t\t<a class=\"e-gallery-item elementor-gallery-item elementor-animated-content\" href=\"https:\/\/elgreekdelpuerto.com\/wp-content\/uploads\/2023\/11\/WhatsApp-Image-2023-11-06-a-12.10.55_860b398b.jpg\" data-elementor-open-lightbox=\"yes\" data-elementor-lightbox-slideshow=\"620bac1\" data-elementor-lightbox-title=\"WhatsApp Image 2023-11-06 \u00e0 12.10.55_860b398b\" data-e-action-hash=\"#elementor-action%3Aaction%3Dlightbox%26settings%3DeyJpZCI6ODczLCJ1cmwiOiJodHRwczpcL1wvZWxncmVla2RlbHB1ZXJ0by5jb21cL3dwLWNvbnRlbnRcL3VwbG9hZHNcLzIwMjNcLzExXC9XaGF0c0FwcC1JbWFnZS0yMDIzLTExLTA2LWEtMTIuMTAuNTVfODYwYjM5OGIuanBnIiwic2xpZGVzaG93IjoiNjIwYmFjMSJ9\">\n\t\t\t\t\t<div class=\"e-gallery-image elementor-gallery-item__image\" data-thumbnail=\"https:\/\/elgreekdelpuerto.com\/wp-content\/uploads\/2023\/11\/WhatsApp-Image-2023-11-06-a-12.10.55_860b398b.jpg\" data-width=\"1042\" data-height=\"1440\" aria-label=\"\" role=\"img\" ><\/div>\n\t\t\t\t\t\t\t\t\t\t\t<div class=\"elementor-gallery-item__overlay\"><\/div>\n\t\t\t\t\t\t\t\t\t\t\t\t\t\t<\/a>\n\t\t\t\t\t\t\t<a class=\"e-gallery-item elementor-gallery-item elementor-animated-content\" href=\"https:\/\/elgreekdelpuerto.com\/wp-content\/uploads\/2023\/11\/WhatsApp-Image-2023-11-06-a-12.10.54_f1155ef0.jpg\" data-elementor-open-lightbox=\"yes\" data-elementor-lightbox-slideshow=\"620bac1\" data-elementor-lightbox-title=\"WhatsApp Image 2023-11-06 \u00e0 12.10.54_f1155ef0\" data-e-action-hash=\"#elementor-action%3Aaction%3Dlightbox%26settings%3DeyJpZCI6ODcwLCJ1cmwiOiJodHRwczpcL1wvZWxncmVla2RlbHB1ZXJ0by5jb21cL3dwLWNvbnRlbnRcL3VwbG9hZHNcLzIwMjNcLzExXC9XaGF0c0FwcC1JbWFnZS0yMDIzLTExLTA2LWEtMTIuMTAuNTRfZjExNTVlZjAuanBnIiwic2xpZGVzaG93IjoiNjIwYmFjMSJ9\">\n\t\t\t\t\t<div class=\"e-gallery-image elementor-gallery-item__image\" data-thumbnail=\"https:\/\/elgreekdelpuerto.com\/wp-content\/uploads\/2023\/11\/WhatsApp-Image-2023-11-06-a-12.10.54_f1155ef0.jpg\" data-width=\"1122\" data-height=\"1440\" aria-label=\"\" role=\"img\" ><\/div>\n\t\t\t\t\t\t\t\t\t\t\t<div class=\"elementor-gallery-item__overlay\"><\/div>\n\t\t\t\t\t\t\t\t\t\t\t\t\t\t<\/a>\n\t\t\t\t\t\t\t<a class=\"e-gallery-item elementor-gallery-item elementor-animated-content\" href=\"https:\/\/elgreekdelpuerto.com\/wp-content\/uploads\/2023\/11\/WhatsApp-Image-2023-11-06-a-12.10.55_28404a1f.jpg\" data-elementor-open-lightbox=\"yes\" data-elementor-lightbox-slideshow=\"620bac1\" data-elementor-lightbox-title=\"WhatsApp Image 2023-11-06 \u00e0 12.10.55_28404a1f\" data-e-action-hash=\"#elementor-action%3Aaction%3Dlightbox%26settings%3DeyJpZCI6ODc0LCJ1cmwiOiJodHRwczpcL1wvZWxncmVla2RlbHB1ZXJ0by5jb21cL3dwLWNvbnRlbnRcL3VwbG9hZHNcLzIwMjNcLzExXC9XaGF0c0FwcC1JbWFnZS0yMDIzLTExLTA2LWEtMTIuMTAuNTVfMjg0MDRhMWYuanBnIiwic2xpZGVzaG93IjoiNjIwYmFjMSJ9\">\n\t\t\t\t\t<div class=\"e-gallery-image elementor-gallery-item__image\" data-thumbnail=\"https:\/\/elgreekdelpuerto.com\/wp-content\/uploads\/2023\/11\/WhatsApp-Image-2023-11-06-a-12.10.55_28404a1f.jpg\" data-width=\"720\" data-height=\"900\" aria-label=\"\" role=\"img\" ><\/div>\n\t\t\t\t\t\t\t\t\t\t\t<div class=\"elementor-gallery-item__overlay\"><\/div>\n\t\t\t\t\t\t\t\t\t\t\t\t\t\t<\/a>\n\t\t\t\t\t\t\t<a class=\"e-gallery-item elementor-gallery-item elementor-animated-content\" href=\"https:\/\/elgreekdelpuerto.com\/wp-content\/uploads\/2023\/11\/WhatsApp-Image-2023-11-06-a-11.39.09_61229455-1.jpg\" data-elementor-open-lightbox=\"yes\" data-elementor-lightbox-slideshow=\"620bac1\" data-elementor-lightbox-title=\"WhatsApp Image 2023-11-06 \u00e0 11.39.09_61229455\" data-e-action-hash=\"#elementor-action%3Aaction%3Dlightbox%26settings%3DeyJpZCI6ODU2LCJ1cmwiOiJodHRwczpcL1wvZWxncmVla2RlbHB1ZXJ0by5jb21cL3dwLWNvbnRlbnRcL3VwbG9hZHNcLzIwMjNcLzExXC9XaGF0c0FwcC1JbWFnZS0yMDIzLTExLTA2LWEtMTEuMzkuMDlfNjEyMjk0NTUtMS5qcGciLCJzbGlkZXNob3ciOiI2MjBiYWMxIn0%3D\">\n\t\t\t\t\t<div class=\"e-gallery-image elementor-gallery-item__image\" data-thumbnail=\"https:\/\/elgreekdelpuerto.com\/wp-content\/uploads\/2023\/11\/WhatsApp-Image-2023-11-06-a-11.39.09_61229455-1.jpg\" data-width=\"1024\" data-height=\"910\" aria-label=\"\" role=\"img\" ><\/div>\n\t\t\t\t\t\t\t\t\t\t\t<div class=\"elementor-gallery-item__overlay\"><\/div>\n\t\t\t\t\t\t\t\t\t\t\t\t\t\t<\/a>\n\t\t\t\t\t\t\t<a class=\"e-gallery-item elementor-gallery-item elementor-animated-content\" href=\"https:\/\/elgreekdelpuerto.com\/wp-content\/uploads\/2023\/11\/WhatsApp-Image-2023-11-06-a-11.39.10_a9676ac7.jpg\" data-elementor-open-lightbox=\"yes\" data-elementor-lightbox-slideshow=\"620bac1\" data-elementor-lightbox-title=\"WhatsApp Image 2023-11-06 \u00e0 11.39.10_a9676ac7\" data-e-action-hash=\"#elementor-action%3Aaction%3Dlightbox%26settings%3DeyJpZCI6ODU5LCJ1cmwiOiJodHRwczpcL1wvZWxncmVla2RlbHB1ZXJ0by5jb21cL3dwLWNvbnRlbnRcL3VwbG9hZHNcLzIwMjNcLzExXC9XaGF0c0FwcC1JbWFnZS0yMDIzLTExLTA2LWEtMTEuMzkuMTBfYTk2NzZhYzcuanBnIiwic2xpZGVzaG93IjoiNjIwYmFjMSJ9\">\n\t\t\t\t\t<div class=\"e-gallery-image elementor-gallery-item__image\" data-thumbnail=\"https:\/\/elgreekdelpuerto.com\/wp-content\/uploads\/2023\/11\/WhatsApp-Image-2023-11-06-a-11.39.10_a9676ac7.jpg\" data-width=\"1024\" data-height=\"824\" aria-label=\"\" role=\"img\" ><\/div>\n\t\t\t\t\t\t\t\t\t\t\t<div class=\"elementor-gallery-item__overlay\"><\/div>\n\t\t\t\t\t\t\t\t\t\t\t\t\t\t<\/a>\n\t\t\t\t\t\t\t<a class=\"e-gallery-item elementor-gallery-item elementor-animated-content\" href=\"https:\/\/elgreekdelpuerto.com\/wp-content\/uploads\/2023\/11\/WhatsApp-Image-2023-11-06-a-11.39.10_2626d0ca.jpg\" data-elementor-open-lightbox=\"yes\" data-elementor-lightbox-slideshow=\"620bac1\" data-elementor-lightbox-title=\"WhatsApp Image 2023-11-06 \u00e0 11.39.10_2626d0ca\" data-e-action-hash=\"#elementor-action%3Aaction%3Dlightbox%26settings%3DeyJpZCI6ODU3LCJ1cmwiOiJodHRwczpcL1wvZWxncmVla2RlbHB1ZXJ0by5jb21cL3dwLWNvbnRlbnRcL3VwbG9hZHNcLzIwMjNcLzExXC9XaGF0c0FwcC1JbWFnZS0yMDIzLTExLTA2LWEtMTEuMzkuMTBfMjYyNmQwY2EuanBnIiwic2xpZGVzaG93IjoiNjIwYmFjMSJ9\">\n\t\t\t\t\t<div class=\"e-gallery-image elementor-gallery-item__image\" data-thumbnail=\"https:\/\/elgreekdelpuerto.com\/wp-content\/uploads\/2023\/11\/WhatsApp-Image-2023-11-06-a-11.39.10_2626d0ca.jpg\" data-width=\"768\" data-height=\"1024\" aria-label=\"\" role=\"img\" ><\/div>\n\t\t\t\t\t\t\t\t\t\t\t<div class=\"elementor-gallery-item__overlay\"><\/div>\n\t\t\t\t\t\t\t\t\t\t\t\t\t\t<\/a>\n\t\t\t\t\t\t\t<a class=\"e-gallery-item elementor-gallery-item elementor-animated-content\" href=\"https:\/\/elgreekdelpuerto.com\/wp-content\/uploads\/2023\/11\/WhatsApp-Image-2023-11-06-a-11.39.10_32545b58.jpg\" data-elementor-open-lightbox=\"yes\" data-elementor-lightbox-slideshow=\"620bac1\" data-elementor-lightbox-title=\"WhatsApp Image 2023-11-06 \u00e0 11.39.10_32545b58\" data-e-action-hash=\"#elementor-action%3Aaction%3Dlightbox%26settings%3DeyJpZCI6ODU4LCJ1cmwiOiJodHRwczpcL1wvZWxncmVla2RlbHB1ZXJ0by5jb21cL3dwLWNvbnRlbnRcL3VwbG9hZHNcLzIwMjNcLzExXC9XaGF0c0FwcC1JbWFnZS0yMDIzLTExLTA2LWEtMTEuMzkuMTBfMzI1NDViNTguanBnIiwic2xpZGVzaG93IjoiNjIwYmFjMSJ9\">\n\t\t\t\t\t<div class=\"e-gallery-image elementor-gallery-item__image\" data-thumbnail=\"https:\/\/elgreekdelpuerto.com\/wp-content\/uploads\/2023\/11\/WhatsApp-Image-2023-11-06-a-11.39.10_32545b58.jpg\" data-width=\"768\" data-height=\"1024\" aria-label=\"\" role=\"img\" ><\/div>\n\t\t\t\t\t\t\t\t\t\t\t<div class=\"elementor-gallery-item__overlay\"><\/div>\n\t\t\t\t\t\t\t\t\t\t\t\t\t\t<\/a>\n\t\t\t\t\t\t\t<a class=\"e-gallery-item elementor-gallery-item elementor-animated-content\" href=\"https:\/\/elgreekdelpuerto.com\/wp-content\/uploads\/2023\/11\/WhatsApp-Image-2023-11-06-a-12.10.54_95812e3d.jpg\" data-elementor-open-lightbox=\"yes\" data-elementor-lightbox-slideshow=\"620bac1\" data-elementor-lightbox-title=\"WhatsApp Image 2023-11-06 \u00e0 12.10.54_95812e3d\" data-e-action-hash=\"#elementor-action%3Aaction%3Dlightbox%26settings%3DeyJpZCI6ODY4LCJ1cmwiOiJodHRwczpcL1wvZWxncmVla2RlbHB1ZXJ0by5jb21cL3dwLWNvbnRlbnRcL3VwbG9hZHNcLzIwMjNcLzExXC9XaGF0c0FwcC1JbWFnZS0yMDIzLTExLTA2LWEtMTIuMTAuNTRfOTU4MTJlM2QuanBnIiwic2xpZGVzaG93IjoiNjIwYmFjMSJ9\">\n\t\t\t\t\t<div class=\"e-gallery-image elementor-gallery-item__image\" data-thumbnail=\"https:\/\/elgreekdelpuerto.com\/wp-content\/uploads\/2023\/11\/WhatsApp-Image-2023-11-06-a-12.10.54_95812e3d.jpg\" data-width=\"960\" data-height=\"1440\" aria-label=\"\" role=\"img\" ><\/div>\n\t\t\t\t\t\t\t\t\t\t\t<div class=\"elementor-gallery-item__overlay\"><\/div>\n\t\t\t\t\t\t\t\t\t\t\t\t\t\t<\/a>\n\t\t\t\t\t\t\t<a class=\"e-gallery-item elementor-gallery-item elementor-animated-content\" href=\"https:\/\/elgreekdelpuerto.com\/wp-content\/uploads\/2023\/11\/WhatsApp-Image-2023-11-06-a-12.10.55_868830d3.jpg\" data-elementor-open-lightbox=\"yes\" data-elementor-lightbox-slideshow=\"620bac1\" data-elementor-lightbox-title=\"WhatsApp Image 2023-11-06 \u00e0 12.10.55_868830d3\" data-e-action-hash=\"#elementor-action%3Aaction%3Dlightbox%26settings%3DeyJpZCI6ODc1LCJ1cmwiOiJodHRwczpcL1wvZWxncmVla2RlbHB1ZXJ0by5jb21cL3dwLWNvbnRlbnRcL3VwbG9hZHNcLzIwMjNcLzExXC9XaGF0c0FwcC1JbWFnZS0yMDIzLTExLTA2LWEtMTIuMTAuNTVfODY4ODMwZDMuanBnIiwic2xpZGVzaG93IjoiNjIwYmFjMSJ9\">\n\t\t\t\t\t<div class=\"e-gallery-image elementor-gallery-item__image\" data-thumbnail=\"https:\/\/elgreekdelpuerto.com\/wp-content\/uploads\/2023\/11\/WhatsApp-Image-2023-11-06-a-12.10.55_868830d3.jpg\" data-width=\"1080\" data-height=\"1440\" aria-label=\"\" role=\"img\" ><\/div>\n\t\t\t\t\t\t\t\t\t\t\t<div class=\"elementor-gallery-item__overlay\"><\/div>\n\t\t\t\t\t\t\t\t\t\t\t\t\t\t<\/a>\n\t\t\t\t\t<\/div>\n\t\t\t\t\t<\/div>\n\t\t\t\t<\/div>\n\t\t\t\t<\/div>\n\t\t\t\t\t<\/div>\n\t\t\t\t<\/div>\n\t\t\t\t<\/div>","protected":false},"excerpt":{"rendered":"<p>the greek food is&#8230;Amazing Discover the Flavors of Greece at El Greek del Puerto Greece is renowned for its rich culinary traditions that have captivated taste buds for centuries. At [&hellip;]<\/p>","protected":false},"author":1,"featured_media":0,"parent":0,"menu_order":0,"comment_status":"closed","ping_status":"closed","template":"","meta":{"footnotes":""},"class_list":["post-18","page","type-page","status-publish","hentry"],"_links":{"self":[{"href":"https:\/\/elgreekdelpuerto.com\/es\/wp-json\/wp\/v2\/pages\/18","targetHints":{"allow":["GET"]}}],"collection":[{"href":"https:\/\/elgreekdelpuerto.com\/es\/wp-json\/wp\/v2\/pages"}],"about":[{"href":"https:\/\/elgreekdelpuerto.com\/es\/wp-json\/wp\/v2\/types\/page"}],"author":[{"embeddable":true,"href":"https:\/\/elgreekdelpuerto.com\/es\/wp-json\/wp\/v2\/users\/1"}],"replies":[{"embeddable":true,"href":"https:\/\/elgreekdelpuerto.com\/es\/wp-json\/wp\/v2\/comments?post=18"}],"version-history":[{"count":22,"href":"https:\/\/elgreekdelpuerto.com\/es\/wp-json\/wp\/v2\/pages\/18\/revisions"}],"predecessor-version":[{"id":2376,"href":"https:\/\/elgreekdelpuerto.com\/es\/wp-json\/wp\/v2\/pages\/18\/revisions\/2376"}],"wp:attachment":[{"href":"https:\/\/elgreekdelpuerto.com\/es\/wp-json\/wp\/v2\/media?parent=18"}],"curies":[{"name":"wp","href":"https:\/\/api.w.org\/{rel}","templated":true}]}}