{"id":1278,"date":"2023-12-04T09:58:38","date_gmt":"2023-12-04T09:58:38","guid":{"rendered":"https:\/\/elgreekdelpuerto.com\/?page_id=1278"},"modified":"2023-12-04T13:42:02","modified_gmt":"2023-12-04T13:42:02","slug":"book-a-table","status":"publish","type":"page","link":"https:\/\/elgreekdelpuerto.com\/fr\/book-a-table\/","title":{"rendered":"r\u00e9server une table"},"content":{"rendered":"<div data-elementor-type=\"wp-page\" data-elementor-id=\"1278\" class=\"elementor elementor-1278\" data-elementor-post-type=\"page\">\n\t\t\t\t<div class=\"elementor-element elementor-element-ce29735 e-flex e-con-boxed e-con e-parent\" data-id=\"ce29735\" data-element_type=\"container\">\n\t\t\t\t\t<div class=\"e-con-inner\">\n\t\t\t\t<div class=\"elementor-element elementor-element-c07c0fd elementor-widget elementor-widget-heading\" data-id=\"c07c0fd\" data-element_type=\"widget\" data-widget_type=\"heading.default\">\n\t\t\t\t<div class=\"elementor-widget-container\">\n\t\t\t\t\t<h3 class=\"elementor-heading-title elementor-size-default\">Request a booking table<\/h3>\t\t\t\t<\/div>\n\t\t\t\t<\/div>\n\t\t\t\t<div class=\"elementor-element elementor-element-4b9ddcc elementor-widget elementor-widget-pafe-form-builder-field\" data-id=\"4b9ddcc\" data-element_type=\"widget\" data-widget_type=\"pafe-form-builder-field.default\">\n\t\t\t\t<div class=\"elementor-widget-container\">\n\t\t\t\t\t\t\t\r\n\t\t<div class=\"elementor-form-fields-wrapper elementor-labels-above pafe-form-builder-field\">\r\n\t\t\t<div class=\"elementor-field-type-date elementor-field-group elementor-column elementor-field-group-date elementor-col-100\">\r\n\t\t\t\t<label for=\"form-field-date\" class=\"elementor-field-label\">Choisissez une date<\/label><div data-pafe-form-builder-required><\/div><div class=\"pafe-field-container\"><input class=\"elementor-field elementor-size-  elementor-field-textual elementor-date-field flatpickr-custom-options\" type=\"date\" name=\"form_fields[date]\" id=\"form-field-date\" autocomplete=\"on\" data-pafe-form-builder-default-value=\"\" data-pafe-form-builder-form-id=\"booking\" data-pafe-flatpickr-custom-options=\"{    minDate: &quot;today&quot;}{&quot;disable&quot;: [function(date) {\/\/ return true to disablereturn (date.getDay() === 0 || date.getDay() === 1);}],&quot;locale&quot;: {&quot;firstDayOfWeek&quot;: 1 \/\/ start week on Monday}}\" data-pafe-form-builder-date-calculate=\"0\">\t\t\t\t\t\t\t\t<script>\r\n\t\t\t\t\t\t\t\t\t(function ($) {\r\n\t\t\t\t\t\t\t\t\t\tvar WidgetPafeFormBuilderHandlerDatedate = function ($scope, $) {\r\n\r\n\t\t\t\t\t\t\t\t\t\t    var $elements = $scope.find('.elementor-date-field');\r\n\r\n\t\t\t\t\t\t\t\t\t\t\tif (!$elements.length) {\r\n\t\t\t\t\t\t\t\t\t\t\t\treturn;\r\n\t\t\t\t\t\t\t\t\t\t\t}\r\n\r\n\t\t\t\t\t\t\t\t\t\t\tvar $elements = $scope.find('#form-field-date');\r\n\r\n\t\t\t\t\t\t\t\t\t\t\tif (!$elements.length) {\r\n\t\t\t\t\t\t\t\t\t\t\t\treturn;\r\n\t\t\t\t\t\t\t\t\t\t\t}\r\n                                            var options = {\n    minDate: \"today\"\n}\n\n{\n\"disable\": [\nfunction(date) {\n\/\/ return true to disable\nreturn (date.getDay() === 0 || date.getDay() === 1);\n\n}\n],\n\"locale\": {\n\"firstDayOfWeek\": 1 \/\/ start week on Monday\n}\n};\r\n                                            \t\t\t\t\t\t\t\t\t\t\t$.each($elements, function (i, $element) {\r\n\t\t\t\t\t\t\t\t\t\t\t\t$element.flatpickr(options);\r\n\t\t\t\t\t\t\t\t\t\t\t});\r\n\r\n\t\t\t\t\t\t\t\t\t\t};\r\n\r\n\t\t\t\t\t\t\t\t\t\t$(window).on('elementor\/frontend\/init', function () {\r\n\t\t\t\t\t\t\t\t\t        elementorFrontend.hooks.addAction('frontend\/element_ready\/pafe-form-builder-field.default', WidgetPafeFormBuilderHandlerDatedate);\r\n\t\t\t\t\t\t\t\t\t    });\r\n\r\n\t\t\t\t\t\t\t\t\t}(jQuery)); \r\n\t\t\t\t\t\t\t\t<\/script>\r\n\t\t\t\t\t\t<\/div>\t\t\t<\/div>\r\n\t\t<\/div>\r\n\t\t\t\t\t<\/div>\n\t\t\t\t<\/div>\n\t\t\t\t<div class=\"elementor-element elementor-element-c4b06a8 elementor-widget elementor-widget-pafe-form-builder-field\" data-id=\"c4b06a8\" data-element_type=\"widget\" data-widget_type=\"pafe-form-builder-field.default\">\n\t\t\t\t<div class=\"elementor-widget-container\">\n\t\t\t\t\t\t\t\r\n\t\t<div class=\"elementor-form-fields-wrapper elementor-labels-above pafe-form-builder-field\">\r\n\t\t\t<div class=\"elementor-field-type-select elementor-field-group elementor-column elementor-field-group-time elementor-col-100\">\r\n\t\t\t\t<label for=\"form-field-time\" class=\"elementor-field-label\">Choisissez une heure<\/label><div data-pafe-form-builder-required><\/div><div class=\"pafe-field-container\">\t\t<div class=\"elementor-field elementor-select-wrapper  pafe-select-drop-down\">\r\n\t\t\t<select name=\"form_fields[time]\" id=\"form-field-time\" class=\"elementor-field-textual elementor-size-\" data-pafe-field-type=\"select\" data-pafe-form-builder-form-id=\"booking\" data-pafe-form-builder-default-value=\"\" data-options='[&quot;12h30&quot;,&quot;13h00&quot;,&quot;13h30&quot;,&quot;14h00&quot;,&quot;14h30&quot;,&quot;15h00&quot;,&quot;15h30&quot;,&quot;16h00&quot;,&quot;16h30&quot;,&quot;17h00&quot;,&quot;17h30&quot;,&quot;18h00&quot;,&quot;18h30&quot;,&quot;19h00&quot;,&quot;19h30&quot;,&quot;20h00&quot;,&quot;20h30&quot;,&quot;21h00&quot;,&quot;21h30&quot;,&quot;22h00&quot;,&quot;22h30&quot;]'  >\r\n\t\t\t\t<option value=\"12h30\">12h30<\/option><option value=\"13h00\">13h00<\/option><option value=\"13h30\">13h30<\/option><option value=\"14h00\">14h00<\/option><option value=\"14h30\">14h30<\/option><option value=\"15h00\">15h00<\/option><option value=\"15h30\">15h30<\/option><option value=\"16h00\">16h00<\/option><option value=\"16h30\">16h30<\/option><option value=\"17h00\">17h00<\/option><option value=\"17h30\">17h30<\/option><option value=\"18h00\">18h00<\/option><option value=\"18h30\">18h30<\/option><option value=\"19h00\">19h00<\/option><option value=\"19h30\">19h30<\/option><option value=\"20h00\">20h00<\/option><option value=\"20h30\">20h30<\/option><option value=\"21h00\">21h00<\/option><option value=\"21h30\">21h30<\/option><option value=\"22h00\">22h00<\/option><option value=\"22h30\">22h30<\/option>\t\t\t<\/select>\r\n\t\t<\/div>\r\n\t\t<\/div>\t\t\t<\/div>\r\n\t\t<\/div>\r\n\t\t\t\t\t<\/div>\n\t\t\t\t<\/div>\n\t\t\t\t<div class=\"elementor-element elementor-element-cd20c9c elementor-widget elementor-widget-pafe-form-builder-field\" data-id=\"cd20c9c\" data-element_type=\"widget\" data-widget_type=\"pafe-form-builder-field.default\">\n\t\t\t\t<div class=\"elementor-widget-container\">\n\t\t\t\t\t\t\t\r\n\t\t<div class=\"elementor-form-fields-wrapper elementor-labels-above pafe-form-builder-field\">\r\n\t\t\t<div class=\"elementor-field-type-range_slider elementor-field-group elementor-column elementor-field-group-howmany elementor-col-100 elementor-field-required\">\r\n\t\t\t\t<label for=\"form-field-howmany\" class=\"elementor-field-label\">Combien de personnes \u00eates-vous ?<\/label><div data-pafe-form-builder-required><\/div><div class=\"pafe-field-container\"><input size=\"1\" type=\"text\" name=\"form_fields[howmany]\" id=\"form-field-howmany\" class=\"elementor-field elementor-size-\" data-pafe-form-builder-range-slider=\"skin: &quot;round&quot;, type: &quot;double&quot;, grid: true, min: 1, max: 20, from: 1, to: 1, prefix: &quot;&quot;\" data-pafe-form-builder-range-slider-options=\"{&quot;skin&quot;:&quot;round&quot;,&quot;type&quot;:&quot;double&quot;,&quot;grid&quot;:&quot;true&quot;,&quot;min&quot;:&quot;1&quot;,&quot;max&quot;:&quot;20&quot;,&quot;from&quot;:&quot;1&quot;,&quot;to&quot;:&quot;1&quot;,&quot;prefix&quot;:&quot;&quot;}\" value=\"\" data-pafe-form-builder-form-id=\"booking\">\t\t\t\t\t\t<script>\r\n\t\t\t\t\t\t\t(function ($) {\r\n\t\t\t\t\t\t\t\tvar WidgetPafeFormBuilderHandlerRangeSliderhowmany = function ($scope, $) {\r\n\r\n\t\t\t\t\t\t\t\t    var $elements = $scope.find('[data-pafe-form-builder-range-slider]');\r\n\r\n\t\t\t\t\t\t\t\t\tif (!$elements.length) {\r\n\t\t\t\t\t\t\t\t\t\treturn;\r\n\t\t\t\t\t\t\t\t\t}\r\n\r\n\t\t\t\t\t\t\t\t\t$.each($elements, function (i, $element) {\r\n\t\t\t\t\t\t\t\t\t\tlet rangerOptions = $(this).attr('data-pafe-form-builder-range-slider-options');\r\n\t\t\t\t\t\t\t\t\t\tif ($($element).siblings('.irs').length == 0) {\r\n                                                                                            $('#form-field-howmany').ionRangeSlider({\r\n                                                    skin: \"round\", type: \"double\", grid: true, min: 1, max: 20, from: 1, to: 1, prefix: \"\"                                                });\r\n                                            \t\t\t\t\t\t\t\t\t\t}\r\n\r\n\t\t\t\t\t\t\t\t\t\t$($element).change();\r\n\t\t\t\t\t\t\t\t\t});\r\n\r\n\t\t\t\t\t\t\t\t};\r\n\r\n\t\t\t\t\t\t\t\t$(window).on('elementor\/frontend\/init', function () {\r\n\t\t\t\t\t\t\t        elementorFrontend.hooks.addAction('frontend\/element_ready\/pafe-form-builder-field.default', WidgetPafeFormBuilderHandlerRangeSliderhowmany);\r\n\t\t\t\t\t\t\t    });\r\n\r\n\t\t\t\t\t\t\t}(jQuery)); \r\n\t\t\t\t\t\t<\/script>\r\n\t\t\t\t\t<\/div>\t\t\t<\/div>\r\n\t\t<\/div>\r\n\t\t\t\t\t<\/div>\n\t\t\t\t<\/div>\n\t\t\t\t<div class=\"elementor-element elementor-element-799cf98 elementor-widget elementor-widget-pafe-form-builder-field\" data-id=\"799cf98\" data-element_type=\"widget\" data-widget_type=\"pafe-form-builder-field.default\">\n\t\t\t\t<div class=\"elementor-widget-container\">\n\t\t\t\t\t\t\t\r\n\t\t<div class=\"elementor-form-fields-wrapper elementor-labels-above pafe-form-builder-field\">\r\n\t\t\t<div class=\"elementor-field-type-tel elementor-field-group elementor-column elementor-field-group-number elementor-col-100 elementor-field-required elementor-mark-required\">\r\n\t\t\t\t<label for=\"form-field-number\" class=\"elementor-field-label\">Num\u00e9ro de t\u00e9l\u00e9phone<\/label><div data-pafe-form-builder-required><\/div><div class=\"pafe-field-container\"><input size=\"1\" class=\"elementor-field elementor-size-\" type=\"tel\" name=\"form_fields[number]\" id=\"form-field-number\" placeholder=\"+3456765434\" autocomplete=\"on\" data-pafe-form-builder-default-value=\"\" required=\"required\" aria-required=\"true\" data-pafe-form-builder-form-id=\"booking\" pattern=\"[0-9()#&amp;+*\\-.]+\" title=\"Seuls les caract\u00e8res de num\u00e9ros de t\u00e9l\u00e9phone (#, -, *, etc.) sont accept\u00e9s.\"><\/div>\t\t\t<\/div>\r\n\t\t<\/div>\r\n\t\t\t\t\t<\/div>\n\t\t\t\t<\/div>\n\t\t\t\t<div class=\"elementor-element elementor-element-c248f62 elementor-widget elementor-widget-pafe-form-builder-field\" data-id=\"c248f62\" data-element_type=\"widget\" data-widget_type=\"pafe-form-builder-field.default\">\n\t\t\t\t<div class=\"elementor-widget-container\">\n\t\t\t\t\t\t\t\r\n\t\t<div class=\"elementor-form-fields-wrapper elementor-labels-above pafe-form-builder-field\">\r\n\t\t\t<div class=\"elementor-field-type-text elementor-field-group elementor-column elementor-field-group-name elementor-col-100 elementor-field-required elementor-mark-required\">\r\n\t\t\t\t<label for=\"form-field-name\" class=\"elementor-field-label\">Votre nom?<\/label><div data-pafe-form-builder-required><\/div><div class=\"pafe-field-container\"><input size=\"1\" class=\"elementor-field elementor-size-\" type=\"text\" name=\"form_fields[name]\" id=\"form-field-name\" placeholder=\"Julia Est\u00e9vena\" autocomplete=\"on\" data-pafe-form-builder-default-value=\"\" required=\"required\" aria-required=\"true\" data-pafe-form-builder-form-id=\"booking\"><\/div>\t\t\t<\/div>\r\n\t\t<\/div>\r\n\t\t\t\t\t<\/div>\n\t\t\t\t<\/div>\n\t\t\t\t<div class=\"elementor-element elementor-element-362e76e elementor-widget elementor-widget-pafe-form-builder-field\" data-id=\"362e76e\" data-element_type=\"widget\" data-widget_type=\"pafe-form-builder-field.default\">\n\t\t\t\t<div class=\"elementor-widget-container\">\n\t\t\t\t\t\t\t\r\n\t\t<div class=\"elementor-form-fields-wrapper elementor-labels-above pafe-form-builder-field\">\r\n\t\t\t<div class=\"elementor-field-type-email elementor-field-group elementor-column elementor-field-group-email elementor-col-100 elementor-field-required elementor-mark-required\">\r\n\t\t\t\t<label for=\"form-field-email\" class=\"elementor-field-label\">Votre email ? <\/label><div data-pafe-form-builder-required><\/div><div class=\"pafe-field-container\"><input size=\"1\" class=\"elementor-field elementor-size-\" type=\"email\" name=\"form_fields[email]\" id=\"form-field-email\" placeholder=\"monemail@email.com\" autocomplete=\"on\" data-pafe-form-builder-default-value=\"\" required=\"required\" aria-required=\"true\" data-pafe-form-builder-form-id=\"booking\"><\/div>\t\t\t<\/div>\r\n\t\t<\/div>\r\n\t\t\t\t\t<\/div>\n\t\t\t\t<\/div>\n\t\t\t\t\t<\/div>\n\t\t\t\t<\/div>\n\t\t\t\t<\/div>","protected":false},"excerpt":{"rendered":"<p>Request a booking table<\/p>","protected":false},"author":1,"featured_media":0,"parent":0,"menu_order":0,"comment_status":"closed","ping_status":"closed","template":"","meta":{"footnotes":""},"class_list":["post-1278","page","type-page","status-publish","hentry"],"_links":{"self":[{"href":"https:\/\/elgreekdelpuerto.com\/fr\/wp-json\/wp\/v2\/pages\/1278","targetHints":{"allow":["GET"]}}],"collection":[{"href":"https:\/\/elgreekdelpuerto.com\/fr\/wp-json\/wp\/v2\/pages"}],"about":[{"href":"https:\/\/elgreekdelpuerto.com\/fr\/wp-json\/wp\/v2\/types\/page"}],"author":[{"embeddable":true,"href":"https:\/\/elgreekdelpuerto.com\/fr\/wp-json\/wp\/v2\/users\/1"}],"replies":[{"embeddable":true,"href":"https:\/\/elgreekdelpuerto.com\/fr\/wp-json\/wp\/v2\/comments?post=1278"}],"version-history":[{"count":17,"href":"https:\/\/elgreekdelpuerto.com\/fr\/wp-json\/wp\/v2\/pages\/1278\/revisions"}],"predecessor-version":[{"id":1299,"href":"https:\/\/elgreekdelpuerto.com\/fr\/wp-json\/wp\/v2\/pages\/1278\/revisions\/1299"}],"wp:attachment":[{"href":"https:\/\/elgreekdelpuerto.com\/fr\/wp-json\/wp\/v2\/media?parent=1278"}],"curies":[{"name":"wp","href":"https:\/\/api.w.org\/{rel}","templated":true}]}}